{"id":838,"date":"2021-09-23T17:12:56","date_gmt":"2021-09-23T15:12:56","guid":{"rendered":"https:\/\/www.sunstyle.com\/imprint\/"},"modified":"2024-03-11T21:01:24","modified_gmt":"2024-03-11T20:01:24","slug":"mentions-legales","status":"publish","type":"page","link":"https:\/\/www.sunstyle.com\/fr\/mentions-legales\/","title":{"rendered":"Mentions l\u00e9gales"},"content":{"rendered":"[vc_row type=\u00a0\u00bbfull_width_background\u00a0\u00bb full_screen_row_position=\u00a0\u00bbmiddle\u00a0\u00bb column_margin=\u00a0\u00bbdefault\u00a0\u00bb column_direction=\u00a0\u00bbdefault\u00a0\u00bb column_direction_tablet=\u00a0\u00bbdefault\u00a0\u00bb column_direction_phone=\u00a0\u00bbdefault\u00a0\u00bb bg_color=\u00a0\u00bb#000000&Prime; scene_position=\u00a0\u00bbcenter\u00a0\u00bb top_padding=\u00a0\u00bb50&Prime; bottom_padding=\u00a0\u00bb100&Prime; top_padding_tablet=\u00a0\u00bb200&Prime; top_padding_phone=\u00a0\u00bb100&Prime; text_color=\u00a0\u00bbdark\u00a0\u00bb text_align=\u00a0\u00bbleft\u00a0\u00bb row_border_radius=\u00a0\u00bbnone\u00a0\u00bb row_border_radius_applies=\u00a0\u00bbbg\u00a0\u00bb overflow=\u00a0\u00bbvisible\u00a0\u00bb class=\u00a0\u00bbtitle-bottom\u00a0\u00bb overlay_strength=\u00a0\u00bb0.3&Prime; gradient_direction=\u00a0\u00bbleft_to_right\u00a0\u00bb enable_shape_divider=\u00a0\u00bbtrue\u00a0\u00bb shape_divider_color=\u00a0\u00bb#ffffff\u00a0\u00bb shape_divider_position=\u00a0\u00bbbottom\u00a0\u00bb shape_divider_height=\u00a0\u00bb100&Prime; bg_image_animation=\u00a0\u00bbnone\u00a0\u00bb shape_type=\u00a0\u00bbtilt_alt\u00a0\u00bb][vc_column column_padding=\u00a0\u00bbno-extra-padding\u00a0\u00bb column_padding_tablet=\u00a0\u00bbinherit\u00a0\u00bb column_padding_phone=\u00a0\u00bbinherit\u00a0\u00bb column_padding_position=\u00a0\u00bball\u00a0\u00bb column_element_direction_desktop=\u00a0\u00bbdefault\u00a0\u00bb column_element_spacing=\u00a0\u00bbdefault\u00a0\u00bb desktop_text_alignment=\u00a0\u00bbdefault\u00a0\u00bb tablet_text_alignment=\u00a0\u00bbdefault\u00a0\u00bb phone_text_alignment=\u00a0\u00bbdefault\u00a0\u00bb background_color_opacity=\u00a0\u00bb1&Prime; background_hover_color_opacity=\u00a0\u00bb1&Prime; column_backdrop_filter=\u00a0\u00bbnone\u00a0\u00bb column_shadow=\u00a0\u00bbnone\u00a0\u00bb column_border_radius=\u00a0\u00bbnone\u00a0\u00bb column_link_target=\u00a0\u00bb_self\u00a0\u00bb column_position=\u00a0\u00bbdefault\u00a0\u00bb gradient_direction=\u00a0\u00bbleft_to_right\u00a0\u00bb overlay_strength=\u00a0\u00bb0.3&Prime; width=\u00a0\u00bb1\/1&Prime; tablet_width_inherit=\u00a0\u00bbdefault\u00a0\u00bb animation_type=\u00a0\u00bbdefault\u00a0\u00bb bg_image_animation=\u00a0\u00bbnone\u00a0\u00bb border_type=\u00a0\u00bbsimple\u00a0\u00bb column_border_width=\u00a0\u00bbnone\u00a0\u00bb column_border_style=\u00a0\u00bbsolid\u00a0\u00bb][vc_column_text]\n<h1><span style=\"color: #ffd200;\">Mentions l\u00e9gales<\/span><\/h1>\n[\/vc_column_text][\/vc_column][\/vc_row][vc_row type=\u00a0\u00bbfull_width_background\u00a0\u00bb full_screen_row_position=\u00a0\u00bbmiddle\u00a0\u00bb column_margin=\u00a0\u00bbdefault\u00a0\u00bb column_direction=\u00a0\u00bbdefault\u00a0\u00bb column_direction_tablet=\u00a0\u00bbdefault\u00a0\u00bb column_direction_phone=\u00a0\u00bbdefault\u00a0\u00bb scene_position=\u00a0\u00bbcenter\u00a0\u00bb top_padding=\u00a0\u00bb50&Prime; constrain_group_1=\u00a0\u00bbyes\u00a0\u00bb bottom_padding=\u00a0\u00bb50&Prime; text_color=\u00a0\u00bbdark\u00a0\u00bb text_align=\u00a0\u00bbleft\u00a0\u00bb row_border_radius=\u00a0\u00bbnone\u00a0\u00bb row_border_radius_applies=\u00a0\u00bbbg\u00a0\u00bb overflow=\u00a0\u00bbvisible\u00a0\u00bb id=\u00a0\u00bbfunction\u00a0\u00bb overlay_strength=\u00a0\u00bb0.3&Prime; gradient_direction=\u00a0\u00bbleft_to_right\u00a0\u00bb shape_divider_position=\u00a0\u00bbbottom\u00a0\u00bb bg_image_animation=\u00a0\u00bbnone\u00a0\u00bb shape_type=\u00a0\u00bb\u00a0\u00bb][vc_column column_padding=\u00a0\u00bbno-extra-padding\u00a0\u00bb column_padding_tablet=\u00a0\u00bbinherit\u00a0\u00bb column_padding_phone=\u00a0\u00bbinherit\u00a0\u00bb column_padding_position=\u00a0\u00bball\u00a0\u00bb column_element_direction_desktop=\u00a0\u00bbdefault\u00a0\u00bb column_element_spacing=\u00a0\u00bbdefault\u00a0\u00bb desktop_text_alignment=\u00a0\u00bbdefault\u00a0\u00bb tablet_text_alignment=\u00a0\u00bbdefault\u00a0\u00bb phone_text_alignment=\u00a0\u00bbdefault\u00a0\u00bb background_color_opacity=\u00a0\u00bb1&Prime; background_hover_color_opacity=\u00a0\u00bb1&Prime; column_backdrop_filter=\u00a0\u00bbnone\u00a0\u00bb column_shadow=\u00a0\u00bbnone\u00a0\u00bb column_border_radius=\u00a0\u00bbnone\u00a0\u00bb column_link_target=\u00a0\u00bb_self\u00a0\u00bb column_position=\u00a0\u00bbdefault\u00a0\u00bb gradient_direction=\u00a0\u00bbleft_to_right\u00a0\u00bb overlay_strength=\u00a0\u00bb0.3&Prime; width=\u00a0\u00bb1\/1&Prime; tablet_width_inherit=\u00a0\u00bbdefault\u00a0\u00bb animation_type=\u00a0\u00bbdefault\u00a0\u00bb bg_image_animation=\u00a0\u00bbnone\u00a0\u00bb border_type=\u00a0\u00bbsimple\u00a0\u00bb column_border_width=\u00a0\u00bbnone\u00a0\u00bb column_border_style=\u00a0\u00bbsolid\u00a0\u00bb][vc_column_text text_direction=\u00a0\u00bbdefault\u00a0\u00bb]Responsable du contenu du site Internet :<\/p>\n<p>SunStyle AG<br \/>\nGewerbestrasse 8<br \/>\nCH-3065 Bolligen250<br \/>\nPhone: +41 (0)31 300 30 20<br \/>\ncontact@sunstyle.com<\/p>\n<p>ENTRY IN THE COMMERCIAL REGISTER<br \/>\nSUNSTYLE LTD is entered in the commercial register under the number: CHE-477.563.406<\/p>\n<p>Liens externes<br \/>\nLes liens vers des contenus tiers sont fournis \u00e0 titre de service. Les fournisseurs de ces liens sont responsables de leur contenu ; nous n&rsquo;assumons donc aucune responsabilit\u00e9 pour ces contenus externes.<\/p>\n<p>Validit\u00e9\/exclusion de responsabilit\u00e9<br \/>\nLe site web est constamment mis \u00e0 jour et les informations peuvent donc \u00eatre compl\u00e9t\u00e9es, supprim\u00e9es ou modifi\u00e9es sans pr\u00e9avis. Nous n&rsquo;assumons aucune responsabilit\u00e9 quant \u00e0 l&rsquo;exactitude des publications, des donn\u00e9es et des liens.<\/p>\n<p>Copyright<br \/>\nCe site web et tous ses textes, graphiques et autres mat\u00e9riels sont prot\u00e9g\u00e9s par le droit d&rsquo;auteur. Toute utilisation sans autorisation \u00e9crite pr\u00e9alable est interdite.<\/p>\n<p>Cr\u00e9dit photo<br \/>\nLes photos affich\u00e9es sur sunstyle.com sont la propri\u00e9t\u00e9 de SunStyle avec l&rsquo;autorisation des propri\u00e9taires et des photographes.[\/vc_column_text][\/vc_column][\/vc_row]\n","protected":false},"excerpt":{"rendered":"<p>[vc_row type=\u00a0\u00bbfull_width_background\u00a0\u00bb full_screen_row_position=\u00a0\u00bbmiddle\u00a0\u00bb column_margin=\u00a0\u00bbdefault\u00a0\u00bb column_direction=\u00a0\u00bbdefault\u00a0\u00bb column_direction_tablet=\u00a0\u00bbdefault\u00a0\u00bb column_direction_phone=\u00a0\u00bbdefault\u00a0\u00bb bg_color=\u00a0\u00bb#000000&Prime; scene_position=\u00a0\u00bbcenter\u00a0\u00bb top_padding=\u00a0\u00bb50&Prime; bottom_padding=\u00a0\u00bb100&Prime; top_padding_tablet=\u00a0\u00bb200&Prime; top_padding_phone=\u00a0\u00bb100&Prime; text_color=\u00a0\u00bbdark\u00a0\u00bb text_align=\u00a0\u00bbleft\u00a0\u00bb row_border_radius=\u00a0\u00bbnone\u00a0\u00bb row_border_radius_applies=\u00a0\u00bbbg\u00a0\u00bb overflow=\u00a0\u00bbvisible\u00a0\u00bb class=\u00a0\u00bbtitle-bottom\u00a0\u00bb overlay_strength=\u00a0\u00bb0.3&Prime; gradient_direction=\u00a0\u00bbleft_to_right\u00a0\u00bb enable_shape_divider=\u00a0\u00bbtrue\u00a0\u00bb shape_divider_color=\u00a0\u00bb#ffffff\u00a0\u00bb shape_divider_position=\u00a0\u00bbbottom\u00a0\u00bb shape_divider_height=\u00a0\u00bb100&Prime; bg_image_animation=\u00a0\u00bbnone\u00a0\u00bb shape_type=\u00a0\u00bbtilt_alt\u00a0\u00bb][vc_column column_padding=\u00a0\u00bbno-extra-padding\u00a0\u00bb column_padding_tablet=\u00a0\u00bbinherit\u00a0\u00bb column_padding_phone=\u00a0\u00bbinherit\u00a0\u00bb&#8230;<\/p>\n","protected":false},"author":1,"featured_media":0,"parent":0,"menu_order":45,"comment_status":"closed","ping_status":"closed","template":"","meta":{"content-type":"","inline_featured_image":false,"footnotes":""},"class_list":["post-838","page","type-page","status-publish"],"yoast_head":"<!-- This site is optimized with the Yoast SEO plugin v26.1.1 - https:\/\/yoast.com\/wordpress\/plugins\/seo\/ -->\n<title>Mentions l\u00e9gales - SunStyle<\/title>\n<meta name=\"description\" content=\"Les tuiles solaires SunStyle sont fabriqu\u00e9es en Suisse avec des mat\u00e9riaux de couverture photovolta\u00efques de haute qualit\u00e9.\" \/>\n<meta name=\"robots\" content=\"index, follow, max-snippet:-1, max-image-preview:large, max-video-preview:-1\" \/>\n<link rel=\"canonical\" href=\"https:\/\/www.sunstyle.com\/fr\/mentions-legales\/\" \/>\n<meta property=\"og:locale\" content=\"fr_FR\" \/>\n<meta property=\"og:type\" content=\"article\" \/>\n<meta property=\"og:title\" content=\"Mentions l\u00e9gales - SunStyle\" \/>\n<meta property=\"og:description\" content=\"Les tuiles solaires SunStyle sont fabriqu\u00e9es en Suisse avec des mat\u00e9riaux de couverture photovolta\u00efques de haute qualit\u00e9.\" \/>\n<meta property=\"og:url\" content=\"https:\/\/www.sunstyle.com\/fr\/mentions-legales\/\" \/>\n<meta property=\"og:site_name\" content=\"SunStyle\" \/>\n<meta property=\"article:modified_time\" content=\"2024-03-11T20:01:24+00:00\" \/>\n<meta name=\"twitter:card\" content=\"summary_large_image\" \/>\n<meta name=\"twitter:label1\" content=\"Dur\u00e9e de lecture estim\u00e9e\" \/>\n\t<meta name=\"twitter:data1\" content=\"2 minutes\" \/>\n<script type=\"application\/ld+json\" class=\"yoast-schema-graph\">{\"@context\":\"https:\/\/schema.org\",\"@graph\":[{\"@type\":\"WebPage\",\"@id\":\"https:\/\/www.sunstyle.com\/fr\/mentions-legales\/\",\"url\":\"https:\/\/www.sunstyle.com\/fr\/mentions-legales\/\",\"name\":\"Mentions l\u00e9gales - SunStyle\",\"isPartOf\":{\"@id\":\"https:\/\/www.sunstyle.com\/#website\"},\"datePublished\":\"2021-09-23T15:12:56+00:00\",\"dateModified\":\"2024-03-11T20:01:24+00:00\",\"description\":\"Les tuiles solaires SunStyle sont fabriqu\u00e9es en Suisse avec des mat\u00e9riaux de couverture photovolta\u00efques de haute qualit\u00e9.\",\"breadcrumb\":{\"@id\":\"https:\/\/www.sunstyle.com\/fr\/mentions-legales\/#breadcrumb\"},\"inLanguage\":\"fr-FR\",\"potentialAction\":[{\"@type\":\"ReadAction\",\"target\":[\"https:\/\/www.sunstyle.com\/fr\/mentions-legales\/\"]}]},{\"@type\":\"BreadcrumbList\",\"@id\":\"https:\/\/www.sunstyle.com\/fr\/mentions-legales\/#breadcrumb\",\"itemListElement\":[{\"@type\":\"ListItem\",\"position\":1,\"name\":\"Home\",\"item\":\"https:\/\/www.sunstyle.com\/fr\/\"},{\"@type\":\"ListItem\",\"position\":2,\"name\":\"Mentions l\u00e9gales\"}]},{\"@type\":\"WebSite\",\"@id\":\"https:\/\/www.sunstyle.com\/#website\",\"url\":\"https:\/\/www.sunstyle.com\/\",\"name\":\"SunStyle\",\"description\":\"\",\"publisher\":{\"@id\":\"https:\/\/www.sunstyle.com\/#organization\"},\"potentialAction\":[{\"@type\":\"SearchAction\",\"target\":{\"@type\":\"EntryPoint\",\"urlTemplate\":\"https:\/\/www.sunstyle.com\/?s={search_term_string}\"},\"query-input\":{\"@type\":\"PropertyValueSpecification\",\"valueRequired\":true,\"valueName\":\"search_term_string\"}}],\"inLanguage\":\"fr-FR\"},{\"@type\":\"Organization\",\"@id\":\"https:\/\/www.sunstyle.com\/#organization\",\"name\":\"SunStyle\",\"url\":\"https:\/\/www.sunstyle.com\/\",\"logo\":{\"@type\":\"ImageObject\",\"inLanguage\":\"fr-FR\",\"@id\":\"https:\/\/www.sunstyle.com\/#\/schema\/logo\/image\/\",\"url\":\"https:\/\/www.sunstyle.com\/wp-content\/uploads\/2021\/10\/Sunstyle-logo.svg\",\"contentUrl\":\"https:\/\/www.sunstyle.com\/wp-content\/uploads\/2021\/10\/Sunstyle-logo.svg\",\"width\":\"1024\",\"height\":\"1024\",\"caption\":\"SunStyle\"},\"image\":{\"@id\":\"https:\/\/www.sunstyle.com\/#\/schema\/logo\/image\/\"}}]}<\/script>\n<!-- \/ Yoast SEO plugin. -->","yoast_head_json":{"title":"Mentions l\u00e9gales - SunStyle","description":"Les tuiles solaires SunStyle sont fabriqu\u00e9es en Suisse avec des mat\u00e9riaux de couverture photovolta\u00efques de haute qualit\u00e9.","robots":{"index":"index","follow":"follow","max-snippet":"max-snippet:-1","max-image-preview":"max-image-preview:large","max-video-preview":"max-video-preview:-1"},"canonical":"https:\/\/www.sunstyle.com\/fr\/mentions-legales\/","og_locale":"fr_FR","og_type":"article","og_title":"Mentions l\u00e9gales - SunStyle","og_description":"Les tuiles solaires SunStyle sont fabriqu\u00e9es en Suisse avec des mat\u00e9riaux de couverture photovolta\u00efques de haute qualit\u00e9.","og_url":"https:\/\/www.sunstyle.com\/fr\/mentions-legales\/","og_site_name":"SunStyle","article_modified_time":"2024-03-11T20:01:24+00:00","twitter_card":"summary_large_image","twitter_misc":{"Dur\u00e9e de lecture estim\u00e9e":"2 minutes"},"schema":{"@context":"https:\/\/schema.org","@graph":[{"@type":"WebPage","@id":"https:\/\/www.sunstyle.com\/fr\/mentions-legales\/","url":"https:\/\/www.sunstyle.com\/fr\/mentions-legales\/","name":"Mentions l\u00e9gales - SunStyle","isPartOf":{"@id":"https:\/\/www.sunstyle.com\/#website"},"datePublished":"2021-09-23T15:12:56+00:00","dateModified":"2024-03-11T20:01:24+00:00","description":"Les tuiles solaires SunStyle sont fabriqu\u00e9es en Suisse avec des mat\u00e9riaux de couverture photovolta\u00efques de haute qualit\u00e9.","breadcrumb":{"@id":"https:\/\/www.sunstyle.com\/fr\/mentions-legales\/#breadcrumb"},"inLanguage":"fr-FR","potentialAction":[{"@type":"ReadAction","target":["https:\/\/www.sunstyle.com\/fr\/mentions-legales\/"]}]},{"@type":"BreadcrumbList","@id":"https:\/\/www.sunstyle.com\/fr\/mentions-legales\/#breadcrumb","itemListElement":[{"@type":"ListItem","position":1,"name":"Home","item":"https:\/\/www.sunstyle.com\/fr\/"},{"@type":"ListItem","position":2,"name":"Mentions l\u00e9gales"}]},{"@type":"WebSite","@id":"https:\/\/www.sunstyle.com\/#website","url":"https:\/\/www.sunstyle.com\/","name":"SunStyle","description":"","publisher":{"@id":"https:\/\/www.sunstyle.com\/#organization"},"potentialAction":[{"@type":"SearchAction","target":{"@type":"EntryPoint","urlTemplate":"https:\/\/www.sunstyle.com\/?s={search_term_string}"},"query-input":{"@type":"PropertyValueSpecification","valueRequired":true,"valueName":"search_term_string"}}],"inLanguage":"fr-FR"},{"@type":"Organization","@id":"https:\/\/www.sunstyle.com\/#organization","name":"SunStyle","url":"https:\/\/www.sunstyle.com\/","logo":{"@type":"ImageObject","inLanguage":"fr-FR","@id":"https:\/\/www.sunstyle.com\/#\/schema\/logo\/image\/","url":"https:\/\/www.sunstyle.com\/wp-content\/uploads\/2021\/10\/Sunstyle-logo.svg","contentUrl":"https:\/\/www.sunstyle.com\/wp-content\/uploads\/2021\/10\/Sunstyle-logo.svg","width":"1024","height":"1024","caption":"SunStyle"},"image":{"@id":"https:\/\/www.sunstyle.com\/#\/schema\/logo\/image\/"}}]}},"_links":{"self":[{"href":"https:\/\/www.sunstyle.com\/fr\/wp-json\/wp\/v2\/pages\/838","targetHints":{"allow":["GET"]}}],"collection":[{"href":"https:\/\/www.sunstyle.com\/fr\/wp-json\/wp\/v2\/pages"}],"about":[{"href":"https:\/\/www.sunstyle.com\/fr\/wp-json\/wp\/v2\/types\/page"}],"author":[{"embeddable":true,"href":"https:\/\/www.sunstyle.com\/fr\/wp-json\/wp\/v2\/users\/1"}],"replies":[{"embeddable":true,"href":"https:\/\/www.sunstyle.com\/fr\/wp-json\/wp\/v2\/comments?post=838"}],"version-history":[{"count":1,"href":"https:\/\/www.sunstyle.com\/fr\/wp-json\/wp\/v2\/pages\/838\/revisions"}],"predecessor-version":[{"id":7963,"href":"https:\/\/www.sunstyle.com\/fr\/wp-json\/wp\/v2\/pages\/838\/revisions\/7963"}],"wp:attachment":[{"href":"https:\/\/www.sunstyle.com\/fr\/wp-json\/wp\/v2\/media?parent=838"}],"curies":[{"name":"wp","href":"https:\/\/api.w.org\/{rel}","templated":true}]}}