{"id":823,"date":"2021-09-23T12:07:50","date_gmt":"2021-09-23T10:07:50","guid":{"rendered":"https:\/\/www.sunstyle.com\/our-perspective\/"},"modified":"2024-06-27T20:47:16","modified_gmt":"2024-06-27T18:47:16","slug":"notre-perspective","status":"publish","type":"page","link":"https:\/\/www.sunstyle.com\/fr\/notre-perspective\/","title":{"rendered":"Notre perspective"},"content":{"rendered":"[vc_row type=\u00a0\u00bbfull_width_background\u00a0\u00bb full_screen_row_position=\u00a0\u00bbmiddle\u00a0\u00bb column_margin=\u00a0\u00bbdefault\u00a0\u00bb column_direction=\u00a0\u00bbdefault\u00a0\u00bb column_direction_tablet=\u00a0\u00bbdefault\u00a0\u00bb column_direction_phone=\u00a0\u00bbdefault\u00a0\u00bb bg_color=\u00a0\u00bb#000000&Prime; scene_position=\u00a0\u00bbcenter\u00a0\u00bb top_padding=\u00a0\u00bb50&Prime; bottom_padding=\u00a0\u00bb150&Prime; bottom_padding_tablet=\u00a0\u00bb100&Prime; bottom_padding_phone=\u00a0\u00bb50&Prime; text_color=\u00a0\u00bbcustom\u00a0\u00bb custom_text_color=\u00a0\u00bb#ffd200&Prime; text_align=\u00a0\u00bbleft\u00a0\u00bb row_border_radius=\u00a0\u00bbnone\u00a0\u00bb row_border_radius_applies=\u00a0\u00bbbg\u00a0\u00bb overflow=\u00a0\u00bbvisible\u00a0\u00bb id=\u00a0\u00bbfunction\u00a0\u00bb advanced_gradient_angle=\u00a0\u00bb0&Prime; overlay_strength=\u00a0\u00bb0.3&Prime; gradient_direction=\u00a0\u00bbleft_to_right\u00a0\u00bb enable_shape_divider=\u00a0\u00bbtrue\u00a0\u00bb shape_divider_position=\u00a0\u00bbbottom\u00a0\u00bb shape_divider_height=\u00a0\u00bb100&Prime; bg_image_animation=\u00a0\u00bbnone\u00a0\u00bb shape_type=\u00a0\u00bbtilt_alt\u00a0\u00bb gradient_type=\u00a0\u00bbdefault\u00a0\u00bb][vc_column column_padding=\u00a0\u00bbno-extra-padding\u00a0\u00bb column_padding_tablet=\u00a0\u00bbinherit\u00a0\u00bb column_padding_phone=\u00a0\u00bbinherit\u00a0\u00bb column_padding_position=\u00a0\u00bball\u00a0\u00bb column_element_direction_desktop=\u00a0\u00bbdefault\u00a0\u00bb column_element_spacing=\u00a0\u00bbdefault\u00a0\u00bb desktop_text_alignment=\u00a0\u00bbdefault\u00a0\u00bb tablet_text_alignment=\u00a0\u00bbdefault\u00a0\u00bb phone_text_alignment=\u00a0\u00bbdefault\u00a0\u00bb background_color_opacity=\u00a0\u00bb1&Prime; background_hover_color_opacity=\u00a0\u00bb1&Prime; column_backdrop_filter=\u00a0\u00bbnone\u00a0\u00bb column_shadow=\u00a0\u00bbnone\u00a0\u00bb column_border_radius=\u00a0\u00bbnone\u00a0\u00bb column_link_target=\u00a0\u00bb_self\u00a0\u00bb column_position=\u00a0\u00bbdefault\u00a0\u00bb gradient_direction=\u00a0\u00bbleft_to_right\u00a0\u00bb overlay_strength=\u00a0\u00bb0.3&Prime; width=\u00a0\u00bb1\/1&Prime; tablet_width_inherit=\u00a0\u00bbdefault\u00a0\u00bb animation_type=\u00a0\u00bbdefault\u00a0\u00bb bg_image_animation=\u00a0\u00bbnone\u00a0\u00bb border_type=\u00a0\u00bbsimple\u00a0\u00bb column_border_width=\u00a0\u00bbnone\u00a0\u00bb column_border_style=\u00a0\u00bbsolid\u00a0\u00bb][vc_column_text]\n<h1><span style=\"color: #ffd200;\">Notre point de vue sur le paysage de la durabilit\u00e9<\/span><\/h1>\n[\/vc_column_text][vc_column_text]Curieux au sujet des toitures solaires, du BIPV et de l&rsquo;avenir de l&rsquo;\u00e9nergie solaire ? D\u00e9couvrez notre perspective sur l&rsquo;actualit\u00e9 du secteur solaire, la technologie, les r\u00e9glementations et les politiques solaires, ainsi que des conseils pour r\u00e9duire votre propre empreinte carbone.[\/vc_column_text][\/vc_column][\/vc_row][vc_row type=\u00a0\u00bbin_container\u00a0\u00bb full_screen_row_position=\u00a0\u00bbmiddle\u00a0\u00bb column_margin=\u00a0\u00bbdefault\u00a0\u00bb column_direction=\u00a0\u00bbdefault\u00a0\u00bb column_direction_tablet=\u00a0\u00bbdefault\u00a0\u00bb column_direction_phone=\u00a0\u00bbdefault\u00a0\u00bb scene_position=\u00a0\u00bbcenter\u00a0\u00bb top_padding=\u00a0\u00bb50&Prime; constrain_group_1=\u00a0\u00bbyes\u00a0\u00bb bottom_padding=\u00a0\u00bb50&Prime; text_color=\u00a0\u00bbdark\u00a0\u00bb text_align=\u00a0\u00bbleft\u00a0\u00bb row_border_radius=\u00a0\u00bbnone\u00a0\u00bb row_border_radius_applies=\u00a0\u00bbbg\u00a0\u00bb overflow=\u00a0\u00bbvisible\u00a0\u00bb overlay_strength=\u00a0\u00bb0.3&Prime; gradient_direction=\u00a0\u00bbleft_to_right\u00a0\u00bb shape_divider_position=\u00a0\u00bbbottom\u00a0\u00bb bg_image_animation=\u00a0\u00bbnone\u00a0\u00bb shape_type=\u00a0\u00bb\u00a0\u00bb][vc_column column_padding=\u00a0\u00bbno-extra-padding\u00a0\u00bb column_padding_tablet=\u00a0\u00bbinherit\u00a0\u00bb column_padding_phone=\u00a0\u00bbinherit\u00a0\u00bb column_padding_position=\u00a0\u00bball\u00a0\u00bb column_element_direction_desktop=\u00a0\u00bbdefault\u00a0\u00bb column_element_spacing=\u00a0\u00bbdefault\u00a0\u00bb desktop_text_alignment=\u00a0\u00bbdefault\u00a0\u00bb tablet_text_alignment=\u00a0\u00bbdefault\u00a0\u00bb phone_text_alignment=\u00a0\u00bbdefault\u00a0\u00bb background_color_opacity=\u00a0\u00bb1&Prime; background_hover_color_opacity=\u00a0\u00bb1&Prime; column_backdrop_filter=\u00a0\u00bbnone\u00a0\u00bb column_shadow=\u00a0\u00bbnone\u00a0\u00bb column_border_radius=\u00a0\u00bbnone\u00a0\u00bb column_link_target=\u00a0\u00bb_self\u00a0\u00bb column_position=\u00a0\u00bbdefault\u00a0\u00bb gradient_direction=\u00a0\u00bbleft_to_right\u00a0\u00bb overlay_strength=\u00a0\u00bb0.3&Prime; width=\u00a0\u00bb1\/1&Prime; tablet_width_inherit=\u00a0\u00bbdefault\u00a0\u00bb animation_type=\u00a0\u00bbdefault\u00a0\u00bb bg_image_animation=\u00a0\u00bbnone\u00a0\u00bb border_type=\u00a0\u00bbsimple\u00a0\u00bb column_border_width=\u00a0\u00bbnone\u00a0\u00bb column_border_style=\u00a0\u00bbsolid\u00a0\u00bb][nectar_post_grid post_type=\u00a0\u00bbcustom\u00a0\u00bb cpt_name=\u00a0\u00bbsun_perspectives\u00a0\u00bb order=\u00a0\u00bbDESC\u00a0\u00bb orderby=\u00a0\u00bbdate\u00a0\u00bb pagination=\u00a0\u00bbload-more\u00a0\u00bb button_color=\u00a0\u00bbblack\u00a0\u00bb flickity_controls=\u00a0\u00bbdefault\u00a0\u00bb flickity_overflow=\u00a0\u00bbhidden\u00a0\u00bb flickity_wrap_around=\u00a0\u00bbwrap\u00a0\u00bb columns=\u00a0\u00bb3&Prime; columns_tablet=\u00a0\u00bbdefault\u00a0\u00bb columns_phone=\u00a0\u00bbdefault\u00a0\u00bb desktop_small_cols_flickity=\u00a0\u00bbdefault\u00a0\u00bb tablet_cols_flickity=\u00a0\u00bbdefault\u00a0\u00bb phone_cols_flickity=\u00a0\u00bbdefault\u00a0\u00bb grid_item_spacing=\u00a0\u00bb15px\u00a0\u00bb grid_item_height=\u00a0\u00bb30vh\u00a0\u00bb enable_sortable=\u00a0\u00bbyes\u00a0\u00bb cpt_all_filter=\u00a0\u00bbyes\u00a0\u00bb sortable_alignment=\u00a0\u00bbright\u00a0\u00bb sortable_color=\u00a0\u00bbaccent-color\u00a0\u00bb 3_col_masonry_layout=\u00a0\u00bbdefault\u00a0\u00bb image_size=\u00a0\u00bblarge\u00a0\u00bb image_loading=\u00a0\u00bbdefault\u00a0\u00bb animation=\u00a0\u00bbnone\u00a0\u00bb animation_stagger=\u00a0\u00bb90&Prime; animation_easing=\u00a0\u00bbdefault\u00a0\u00bb heading_tag=\u00a0\u00bbh2&Prime; additional_meta_size=\u00a0\u00bbdefault\u00a0\u00bb grid_style=\u00a0\u00bbcontent_under_image\u00a0\u00bb content_under_image_text_align=\u00a0\u00bbleft\u00a0\u00bb text_color=\u00a0\u00bbdark\u00a0\u00bb hover_effect=\u00a0\u00bbnone\u00a0\u00bb border_radius=\u00a0\u00bbnone\u00a0\u00bb custom_query_tax=\u00a0\u00bb200, 206, 204&Prime;][\/vc_column][\/vc_row]\n","protected":false},"excerpt":{"rendered":"<p>[vc_row type=\u00a0\u00bbfull_width_background\u00a0\u00bb full_screen_row_position=\u00a0\u00bbmiddle\u00a0\u00bb column_margin=\u00a0\u00bbdefault\u00a0\u00bb column_direction=\u00a0\u00bbdefault\u00a0\u00bb column_direction_tablet=\u00a0\u00bbdefault\u00a0\u00bb column_direction_phone=\u00a0\u00bbdefault\u00a0\u00bb bg_color=\u00a0\u00bb#000000&Prime; scene_position=\u00a0\u00bbcenter\u00a0\u00bb top_padding=\u00a0\u00bb50&Prime; bottom_padding=\u00a0\u00bb150&Prime; bottom_padding_tablet=\u00a0\u00bb100&Prime; bottom_padding_phone=\u00a0\u00bb50&Prime; text_color=\u00a0\u00bbcustom\u00a0\u00bb custom_text_color=\u00a0\u00bb#ffd200&Prime; text_align=\u00a0\u00bbleft\u00a0\u00bb row_border_radius=\u00a0\u00bbnone\u00a0\u00bb row_border_radius_applies=\u00a0\u00bbbg\u00a0\u00bb overflow=\u00a0\u00bbvisible\u00a0\u00bb id=\u00a0\u00bbfunction\u00a0\u00bb advanced_gradient_angle=\u00a0\u00bb0&Prime; overlay_strength=\u00a0\u00bb0.3&Prime; gradient_direction=\u00a0\u00bbleft_to_right\u00a0\u00bb enable_shape_divider=\u00a0\u00bbtrue\u00a0\u00bb shape_divider_position=\u00a0\u00bbbottom\u00a0\u00bb shape_divider_height=\u00a0\u00bb100&Prime; bg_image_animation=\u00a0\u00bbnone\u00a0\u00bb shape_type=\u00a0\u00bbtilt_alt\u00a0\u00bb gradient_type=\u00a0\u00bbdefault\u00a0\u00bb][vc_column column_padding=\u00a0\u00bbno-extra-padding\u00a0\u00bb&#8230;<\/p>\n","protected":false},"author":1,"featured_media":0,"parent":0,"menu_order":60,"comment_status":"closed","ping_status":"closed","template":"","meta":{"content-type":"","inline_featured_image":false,"footnotes":""},"class_list":["post-823","page","type-page","status-publish"],"yoast_head":"<!-- This site is optimized with the Yoast SEO plugin v26.1.1 - https:\/\/yoast.com\/wordpress\/plugins\/seo\/ -->\n<title>SunStyle | Notre Perspective<\/title>\n<meta name=\"description\" content=\"Notre point de vue sur le paysage du renouvelable, les toits photovolta\u00efques, les tuiles solaires, le BIPV et l&#039;avenir de l&#039;\u00e9nergie solaire.\" \/>\n<meta name=\"robots\" content=\"index, follow, max-snippet:-1, max-image-preview:large, max-video-preview:-1\" \/>\n<link rel=\"canonical\" href=\"https:\/\/www.sunstyle.com\/fr\/notre-perspective\/\" \/>\n<meta property=\"og:locale\" content=\"fr_FR\" \/>\n<meta property=\"og:type\" content=\"article\" \/>\n<meta property=\"og:title\" content=\"SunStyle | Notre Perspective\" \/>\n<meta property=\"og:description\" content=\"Notre point de vue sur le paysage du renouvelable, les toits photovolta\u00efques, les tuiles solaires, le BIPV et l&#039;avenir de l&#039;\u00e9nergie solaire.\" \/>\n<meta property=\"og:url\" content=\"https:\/\/www.sunstyle.com\/fr\/notre-perspective\/\" \/>\n<meta property=\"og:site_name\" content=\"SunStyle\" \/>\n<meta property=\"article:modified_time\" content=\"2024-06-27T18:47:16+00:00\" \/>\n<meta name=\"twitter:card\" content=\"summary_large_image\" \/>\n<meta name=\"twitter:label1\" content=\"Dur\u00e9e de lecture estim\u00e9e\" \/>\n\t<meta name=\"twitter:data1\" content=\"2 minutes\" \/>\n<script type=\"application\/ld+json\" class=\"yoast-schema-graph\">{\"@context\":\"https:\/\/schema.org\",\"@graph\":[{\"@type\":\"WebPage\",\"@id\":\"https:\/\/www.sunstyle.com\/fr\/notre-perspective\/\",\"url\":\"https:\/\/www.sunstyle.com\/fr\/notre-perspective\/\",\"name\":\"SunStyle | Notre Perspective\",\"isPartOf\":{\"@id\":\"https:\/\/www.sunstyle.com\/#website\"},\"datePublished\":\"2021-09-23T10:07:50+00:00\",\"dateModified\":\"2024-06-27T18:47:16+00:00\",\"description\":\"Notre point de vue sur le paysage du renouvelable, les toits photovolta\u00efques, les tuiles solaires, le BIPV et l'avenir de l'\u00e9nergie solaire.\",\"breadcrumb\":{\"@id\":\"https:\/\/www.sunstyle.com\/fr\/notre-perspective\/#breadcrumb\"},\"inLanguage\":\"fr-FR\",\"potentialAction\":[{\"@type\":\"ReadAction\",\"target\":[\"https:\/\/www.sunstyle.com\/fr\/notre-perspective\/\"]}]},{\"@type\":\"BreadcrumbList\",\"@id\":\"https:\/\/www.sunstyle.com\/fr\/notre-perspective\/#breadcrumb\",\"itemListElement\":[{\"@type\":\"ListItem\",\"position\":1,\"name\":\"Home\",\"item\":\"https:\/\/www.sunstyle.com\/fr\/\"},{\"@type\":\"ListItem\",\"position\":2,\"name\":\"Notre perspective\"}]},{\"@type\":\"WebSite\",\"@id\":\"https:\/\/www.sunstyle.com\/#website\",\"url\":\"https:\/\/www.sunstyle.com\/\",\"name\":\"SunStyle\",\"description\":\"\",\"publisher\":{\"@id\":\"https:\/\/www.sunstyle.com\/#organization\"},\"potentialAction\":[{\"@type\":\"SearchAction\",\"target\":{\"@type\":\"EntryPoint\",\"urlTemplate\":\"https:\/\/www.sunstyle.com\/?s={search_term_string}\"},\"query-input\":{\"@type\":\"PropertyValueSpecification\",\"valueRequired\":true,\"valueName\":\"search_term_string\"}}],\"inLanguage\":\"fr-FR\"},{\"@type\":\"Organization\",\"@id\":\"https:\/\/www.sunstyle.com\/#organization\",\"name\":\"SunStyle\",\"url\":\"https:\/\/www.sunstyle.com\/\",\"logo\":{\"@type\":\"ImageObject\",\"inLanguage\":\"fr-FR\",\"@id\":\"https:\/\/www.sunstyle.com\/#\/schema\/logo\/image\/\",\"url\":\"https:\/\/www.sunstyle.com\/wp-content\/uploads\/2021\/10\/Sunstyle-logo.svg\",\"contentUrl\":\"https:\/\/www.sunstyle.com\/wp-content\/uploads\/2021\/10\/Sunstyle-logo.svg\",\"width\":\"1024\",\"height\":\"1024\",\"caption\":\"SunStyle\"},\"image\":{\"@id\":\"https:\/\/www.sunstyle.com\/#\/schema\/logo\/image\/\"}}]}<\/script>\n<!-- \/ Yoast SEO plugin. -->","yoast_head_json":{"title":"SunStyle | Notre Perspective","description":"Notre point de vue sur le paysage du renouvelable, les toits photovolta\u00efques, les tuiles solaires, le BIPV et l'avenir de l'\u00e9nergie solaire.","robots":{"index":"index","follow":"follow","max-snippet":"max-snippet:-1","max-image-preview":"max-image-preview:large","max-video-preview":"max-video-preview:-1"},"canonical":"https:\/\/www.sunstyle.com\/fr\/notre-perspective\/","og_locale":"fr_FR","og_type":"article","og_title":"SunStyle | Notre Perspective","og_description":"Notre point de vue sur le paysage du renouvelable, les toits photovolta\u00efques, les tuiles solaires, le BIPV et l'avenir de l'\u00e9nergie solaire.","og_url":"https:\/\/www.sunstyle.com\/fr\/notre-perspective\/","og_site_name":"SunStyle","article_modified_time":"2024-06-27T18:47:16+00:00","twitter_card":"summary_large_image","twitter_misc":{"Dur\u00e9e de lecture estim\u00e9e":"2 minutes"},"schema":{"@context":"https:\/\/schema.org","@graph":[{"@type":"WebPage","@id":"https:\/\/www.sunstyle.com\/fr\/notre-perspective\/","url":"https:\/\/www.sunstyle.com\/fr\/notre-perspective\/","name":"SunStyle | Notre Perspective","isPartOf":{"@id":"https:\/\/www.sunstyle.com\/#website"},"datePublished":"2021-09-23T10:07:50+00:00","dateModified":"2024-06-27T18:47:16+00:00","description":"Notre point de vue sur le paysage du renouvelable, les toits photovolta\u00efques, les tuiles solaires, le BIPV et l'avenir de l'\u00e9nergie solaire.","breadcrumb":{"@id":"https:\/\/www.sunstyle.com\/fr\/notre-perspective\/#breadcrumb"},"inLanguage":"fr-FR","potentialAction":[{"@type":"ReadAction","target":["https:\/\/www.sunstyle.com\/fr\/notre-perspective\/"]}]},{"@type":"BreadcrumbList","@id":"https:\/\/www.sunstyle.com\/fr\/notre-perspective\/#breadcrumb","itemListElement":[{"@type":"ListItem","position":1,"name":"Home","item":"https:\/\/www.sunstyle.com\/fr\/"},{"@type":"ListItem","position":2,"name":"Notre perspective"}]},{"@type":"WebSite","@id":"https:\/\/www.sunstyle.com\/#website","url":"https:\/\/www.sunstyle.com\/","name":"SunStyle","description":"","publisher":{"@id":"https:\/\/www.sunstyle.com\/#organization"},"potentialAction":[{"@type":"SearchAction","target":{"@type":"EntryPoint","urlTemplate":"https:\/\/www.sunstyle.com\/?s={search_term_string}"},"query-input":{"@type":"PropertyValueSpecification","valueRequired":true,"valueName":"search_term_string"}}],"inLanguage":"fr-FR"},{"@type":"Organization","@id":"https:\/\/www.sunstyle.com\/#organization","name":"SunStyle","url":"https:\/\/www.sunstyle.com\/","logo":{"@type":"ImageObject","inLanguage":"fr-FR","@id":"https:\/\/www.sunstyle.com\/#\/schema\/logo\/image\/","url":"https:\/\/www.sunstyle.com\/wp-content\/uploads\/2021\/10\/Sunstyle-logo.svg","contentUrl":"https:\/\/www.sunstyle.com\/wp-content\/uploads\/2021\/10\/Sunstyle-logo.svg","width":"1024","height":"1024","caption":"SunStyle"},"image":{"@id":"https:\/\/www.sunstyle.com\/#\/schema\/logo\/image\/"}}]}},"_links":{"self":[{"href":"https:\/\/www.sunstyle.com\/fr\/wp-json\/wp\/v2\/pages\/823","targetHints":{"allow":["GET"]}}],"collection":[{"href":"https:\/\/www.sunstyle.com\/fr\/wp-json\/wp\/v2\/pages"}],"about":[{"href":"https:\/\/www.sunstyle.com\/fr\/wp-json\/wp\/v2\/types\/page"}],"author":[{"embeddable":true,"href":"https:\/\/www.sunstyle.com\/fr\/wp-json\/wp\/v2\/users\/1"}],"replies":[{"embeddable":true,"href":"https:\/\/www.sunstyle.com\/fr\/wp-json\/wp\/v2\/comments?post=823"}],"version-history":[{"count":5,"href":"https:\/\/www.sunstyle.com\/fr\/wp-json\/wp\/v2\/pages\/823\/revisions"}],"predecessor-version":[{"id":9593,"href":"https:\/\/www.sunstyle.com\/fr\/wp-json\/wp\/v2\/pages\/823\/revisions\/9593"}],"wp:attachment":[{"href":"https:\/\/www.sunstyle.com\/fr\/wp-json\/wp\/v2\/media?parent=823"}],"curies":[{"name":"wp","href":"https:\/\/api.w.org\/{rel}","templated":true}]}}