{"id":839,"date":"2021-09-23T17:12:56","date_gmt":"2021-09-23T15:12:56","guid":{"rendered":"https:\/\/www.sunstyle.com\/imprint\/"},"modified":"2024-03-11T21:48:52","modified_gmt":"2024-03-11T20:48:52","slug":"impressum","status":"publish","type":"page","link":"https:\/\/www.sunstyle.com\/de\/impressum\/","title":{"rendered":"Impressum"},"content":{"rendered":"[vc_row type=&#8220;full_width_background&#8220; full_screen_row_position=&#8220;middle&#8220; column_margin=&#8220;default&#8220; column_direction=&#8220;default&#8220; column_direction_tablet=&#8220;default&#8220; column_direction_phone=&#8220;default&#8220; bg_color=&#8220;#000000&#8243; scene_position=&#8220;center&#8220; top_padding=&#8220;50&#8243; bottom_padding=&#8220;100&#8243; top_padding_tablet=&#8220;200&#8243; top_padding_phone=&#8220;100&#8243; text_color=&#8220;dark&#8220; text_align=&#8220;left&#8220; row_border_radius=&#8220;none&#8220; row_border_radius_applies=&#8220;bg&#8220; overflow=&#8220;visible&#8220; class=&#8220;title-bottom&#8220; overlay_strength=&#8220;0.3&#8243; gradient_direction=&#8220;left_to_right&#8220; enable_shape_divider=&#8220;true&#8220; shape_divider_color=&#8220;#ffffff&#8220; shape_divider_position=&#8220;bottom&#8220; shape_divider_height=&#8220;100&#8243; bg_image_animation=&#8220;none&#8220; shape_type=&#8220;tilt_alt&#8220;][vc_column column_padding=&#8220;no-extra-padding&#8220; column_padding_tablet=&#8220;inherit&#8220; column_padding_phone=&#8220;inherit&#8220; column_padding_position=&#8220;all&#8220; column_element_direction_desktop=&#8220;default&#8220; column_element_spacing=&#8220;default&#8220; desktop_text_alignment=&#8220;default&#8220; tablet_text_alignment=&#8220;default&#8220; phone_text_alignment=&#8220;default&#8220; background_color_opacity=&#8220;1&#8243; background_hover_color_opacity=&#8220;1&#8243; column_backdrop_filter=&#8220;none&#8220; column_shadow=&#8220;none&#8220; column_border_radius=&#8220;none&#8220; column_link_target=&#8220;_self&#8220; column_position=&#8220;default&#8220; gradient_direction=&#8220;left_to_right&#8220; overlay_strength=&#8220;0.3&#8243; width=&#8220;1\/1&#8243; tablet_width_inherit=&#8220;default&#8220; animation_type=&#8220;default&#8220; bg_image_animation=&#8220;none&#8220; border_type=&#8220;simple&#8220; column_border_width=&#8220;none&#8220; column_border_style=&#8220;solid&#8220;][vc_column_text]\n<h1><span style=\"color: #ffd200;\">Impressum<\/span><\/h1>\n[\/vc_column_text][\/vc_column][\/vc_row][vc_row type=&#8220;full_width_background&#8220; full_screen_row_position=&#8220;middle&#8220; column_margin=&#8220;default&#8220; column_direction=&#8220;default&#8220; column_direction_tablet=&#8220;default&#8220; column_direction_phone=&#8220;default&#8220; scene_position=&#8220;center&#8220; top_padding=&#8220;50&#8243; constrain_group_1=&#8220;yes&#8220; bottom_padding=&#8220;50&#8243; text_color=&#8220;dark&#8220; text_align=&#8220;left&#8220; row_border_radius=&#8220;none&#8220; row_border_radius_applies=&#8220;bg&#8220; overflow=&#8220;visible&#8220; id=&#8220;function&#8220; overlay_strength=&#8220;0.3&#8243; gradient_direction=&#8220;left_to_right&#8220; shape_divider_position=&#8220;bottom&#8220; bg_image_animation=&#8220;none&#8220; shape_type=&#8220;&#8220;][vc_column column_padding=&#8220;no-extra-padding&#8220; column_padding_tablet=&#8220;inherit&#8220; column_padding_phone=&#8220;inherit&#8220; column_padding_position=&#8220;all&#8220; column_element_direction_desktop=&#8220;default&#8220; column_element_spacing=&#8220;default&#8220; desktop_text_alignment=&#8220;default&#8220; tablet_text_alignment=&#8220;default&#8220; phone_text_alignment=&#8220;default&#8220; background_color_opacity=&#8220;1&#8243; background_hover_color_opacity=&#8220;1&#8243; column_backdrop_filter=&#8220;none&#8220; column_shadow=&#8220;none&#8220; column_border_radius=&#8220;none&#8220; column_link_target=&#8220;_self&#8220; column_position=&#8220;default&#8220; gradient_direction=&#8220;left_to_right&#8220; overlay_strength=&#8220;0.3&#8243; width=&#8220;1\/1&#8243; tablet_width_inherit=&#8220;default&#8220; animation_type=&#8220;default&#8220; bg_image_animation=&#8220;none&#8220; border_type=&#8220;simple&#8220; column_border_width=&#8220;none&#8220; column_border_style=&#8220;solid&#8220;][vc_column_text text_direction=&#8220;default&#8220;]Verantwortlich f\u00fcr den Inhalt dieser Website:<\/p>\n<p>SunStyle AG<br \/>\nGewerbestrasse 8<br \/>\nCH-3065 Bolligen250<br \/>\nPhone: +41 (0)31 300 30 20<br \/>\ncontact@sunstyle.com<\/p>\n<p>EINTRAG IM HANDELSREGISTER<br \/>\nDie SUNSTYLE LTD ist im Handelsregister eingetragen unter der Nummer: CHE-477.563.406<\/p>\n<p>Externe Links<br \/>\nLinks zu fremden Inhalten werden als Serviceleistung angeboten. F\u00fcr die Inhalte dieser Links sind die jeweiligen Anbieter verantwortlich; wir \u00fcbernehmen daher keine Haftung f\u00fcr diese fremden Inhalte.<\/p>\n<p>G\u00fcltigkeit\/Haftungsausschluss<br \/>\nDie Website wird st\u00e4ndig aktualisiert, so dass Informationen ohne vorherige Ank\u00fcndigung erg\u00e4nzt, entfernt oder ge\u00e4ndert werden k\u00f6nnen. F\u00fcr die Richtigkeit der Ver\u00f6ffentlichungen, Daten und Links wird keine Haftung \u00fcbernommen.<\/p>\n<p>Urheberrecht<br \/>\nDiese Website und alle ihre Texte, Grafiken und sonstigen Materialien sind urheberrechtlich gesch\u00fctzt. Jede Verwendung ohne vorherige schriftliche Zustimmung ist untersagt.<\/p>\n<p>Bildnachweis<br \/>\nDie auf sunstyle.com gezeigten Fotos sind Eigentum von SunStyle mit Genehmigung der Eigent\u00fcmer und Fotografen.[\/vc_column_text][\/vc_column][\/vc_row][vc_row type=&#8220;full_width_background&#8220; full_screen_row_position=&#8220;middle&#8220; column_margin=&#8220;default&#8220; column_direction=&#8220;default&#8220; column_direction_tablet=&#8220;default&#8220; column_direction_phone=&#8220;default&#8220; scene_position=&#8220;center&#8220; top_padding=&#8220;50&#8243; constrain_group_1=&#8220;yes&#8220; bottom_padding=&#8220;50&#8243; text_color=&#8220;dark&#8220; text_align=&#8220;left&#8220; row_border_radius=&#8220;none&#8220; row_border_radius_applies=&#8220;bg&#8220; overflow=&#8220;visible&#8220; id=&#8220;function&#8220; overlay_strength=&#8220;0.3&#8243; gradient_direction=&#8220;left_to_right&#8220; shape_divider_position=&#8220;bottom&#8220; bg_image_animation=&#8220;none&#8220; shape_type=&#8220;&#8220;][vc_column column_padding=&#8220;no-extra-padding&#8220; column_padding_tablet=&#8220;inherit&#8220; column_padding_phone=&#8220;inherit&#8220; column_padding_position=&#8220;all&#8220; column_element_direction_desktop=&#8220;default&#8220; column_element_spacing=&#8220;default&#8220; desktop_text_alignment=&#8220;default&#8220; tablet_text_alignment=&#8220;default&#8220; phone_text_alignment=&#8220;default&#8220; background_color_opacity=&#8220;1&#8243; background_hover_color_opacity=&#8220;1&#8243; column_backdrop_filter=&#8220;none&#8220; column_shadow=&#8220;none&#8220; column_border_radius=&#8220;none&#8220; column_link_target=&#8220;_self&#8220; column_position=&#8220;default&#8220; gradient_direction=&#8220;left_to_right&#8220; overlay_strength=&#8220;0.3&#8243; width=&#8220;1\/1&#8243; tablet_width_inherit=&#8220;default&#8220; animation_type=&#8220;default&#8220; bg_image_animation=&#8220;none&#8220; border_type=&#8220;simple&#8220; column_border_width=&#8220;none&#8220; column_border_style=&#8220;solid&#8220;][vc_column_text text_direction=&#8220;default&#8220;]<strong>Allgemeine Gesch\u00e4ftsbedingungen<\/strong><\/p>\n<p><a href=\"\/wp-content\/uploads\/2024\/03\/2024-02-SunStyleG_AGBs_FINAL_AJ.pdf\">SunStyle Germany GmbH<\/a><\/p>\n[\/vc_column_text][\/vc_column][\/vc_row]\n","protected":false},"excerpt":{"rendered":"<p>[vc_row type=&#8220;full_width_background&#8220; full_screen_row_position=&#8220;middle&#8220; column_margin=&#8220;default&#8220; column_direction=&#8220;default&#8220; column_direction_tablet=&#8220;default&#8220; column_direction_phone=&#8220;default&#8220; bg_color=&#8220;#000000&#8243; scene_position=&#8220;center&#8220; top_padding=&#8220;50&#8243; bottom_padding=&#8220;100&#8243; top_padding_tablet=&#8220;200&#8243; top_padding_phone=&#8220;100&#8243; text_color=&#8220;dark&#8220; text_align=&#8220;left&#8220; row_border_radius=&#8220;none&#8220; row_border_radius_applies=&#8220;bg&#8220; overflow=&#8220;visible&#8220; class=&#8220;title-bottom&#8220; overlay_strength=&#8220;0.3&#8243; gradient_direction=&#8220;left_to_right&#8220; enable_shape_divider=&#8220;true&#8220; shape_divider_color=&#8220;#ffffff&#8220; shape_divider_position=&#8220;bottom&#8220; shape_divider_height=&#8220;100&#8243; bg_image_animation=&#8220;none&#8220; shape_type=&#8220;tilt_alt&#8220;][vc_column column_padding=&#8220;no-extra-padding&#8220; column_padding_tablet=&#8220;inherit&#8220; column_padding_phone=&#8220;inherit&#8220;&#8230;<\/p>\n","protected":false},"author":1,"featured_media":0,"parent":0,"menu_order":45,"comment_status":"closed","ping_status":"closed","template":"","meta":{"content-type":"","inline_featured_image":false,"footnotes":""},"class_list":["post-839","page","type-page","status-publish"],"yoast_head":"<!-- This site is optimized with the Yoast SEO plugin v26.1.1 - https:\/\/yoast.com\/wordpress\/plugins\/seo\/ -->\n<title>Impressum - SunStyle<\/title>\n<meta name=\"description\" content=\"SunStyle-Solarziegel werden in der Schweiz unter Verwendung hochwertiger Materialien f\u00fcr Photovoltaik-D\u00e4cher hergestellt.\" \/>\n<meta name=\"robots\" content=\"index, follow, max-snippet:-1, max-image-preview:large, max-video-preview:-1\" \/>\n<link rel=\"canonical\" href=\"https:\/\/www.sunstyle.com\/de\/impressum\/\" \/>\n<meta property=\"og:locale\" content=\"de_DE\" \/>\n<meta property=\"og:type\" content=\"article\" \/>\n<meta property=\"og:title\" content=\"Impressum - SunStyle\" \/>\n<meta property=\"og:description\" content=\"SunStyle-Solarziegel werden in der Schweiz unter Verwendung hochwertiger Materialien f\u00fcr Photovoltaik-D\u00e4cher hergestellt.\" \/>\n<meta property=\"og:url\" content=\"https:\/\/www.sunstyle.com\/de\/impressum\/\" \/>\n<meta property=\"og:site_name\" content=\"SunStyle\" \/>\n<meta property=\"article:modified_time\" content=\"2024-03-11T20:48:52+00:00\" \/>\n<meta name=\"twitter:card\" content=\"summary_large_image\" \/>\n<meta name=\"twitter:label1\" content=\"Gesch\u00e4tzte Lesezeit\" \/>\n\t<meta name=\"twitter:data1\" content=\"2\u00a0Minuten\" \/>\n<script type=\"application\/ld+json\" class=\"yoast-schema-graph\">{\"@context\":\"https:\/\/schema.org\",\"@graph\":[{\"@type\":\"WebPage\",\"@id\":\"https:\/\/www.sunstyle.com\/de\/impressum\/\",\"url\":\"https:\/\/www.sunstyle.com\/de\/impressum\/\",\"name\":\"Impressum - SunStyle\",\"isPartOf\":{\"@id\":\"https:\/\/www.sunstyle.com\/#website\"},\"datePublished\":\"2021-09-23T15:12:56+00:00\",\"dateModified\":\"2024-03-11T20:48:52+00:00\",\"description\":\"SunStyle-Solarziegel werden in der Schweiz unter Verwendung hochwertiger Materialien f\u00fcr Photovoltaik-D\u00e4cher hergestellt.\",\"breadcrumb\":{\"@id\":\"https:\/\/www.sunstyle.com\/de\/impressum\/#breadcrumb\"},\"inLanguage\":\"de\",\"potentialAction\":[{\"@type\":\"ReadAction\",\"target\":[\"https:\/\/www.sunstyle.com\/de\/impressum\/\"]}]},{\"@type\":\"BreadcrumbList\",\"@id\":\"https:\/\/www.sunstyle.com\/de\/impressum\/#breadcrumb\",\"itemListElement\":[{\"@type\":\"ListItem\",\"position\":1,\"name\":\"Home\",\"item\":\"https:\/\/www.sunstyle.com\/de\/\"},{\"@type\":\"ListItem\",\"position\":2,\"name\":\"Impressum\"}]},{\"@type\":\"WebSite\",\"@id\":\"https:\/\/www.sunstyle.com\/#website\",\"url\":\"https:\/\/www.sunstyle.com\/\",\"name\":\"SunStyle\",\"description\":\"\",\"publisher\":{\"@id\":\"https:\/\/www.sunstyle.com\/#organization\"},\"potentialAction\":[{\"@type\":\"SearchAction\",\"target\":{\"@type\":\"EntryPoint\",\"urlTemplate\":\"https:\/\/www.sunstyle.com\/?s={search_term_string}\"},\"query-input\":{\"@type\":\"PropertyValueSpecification\",\"valueRequired\":true,\"valueName\":\"search_term_string\"}}],\"inLanguage\":\"de\"},{\"@type\":\"Organization\",\"@id\":\"https:\/\/www.sunstyle.com\/#organization\",\"name\":\"SunStyle\",\"url\":\"https:\/\/www.sunstyle.com\/\",\"logo\":{\"@type\":\"ImageObject\",\"inLanguage\":\"de\",\"@id\":\"https:\/\/www.sunstyle.com\/#\/schema\/logo\/image\/\",\"url\":\"https:\/\/www.sunstyle.com\/wp-content\/uploads\/2021\/10\/Sunstyle-logo.svg\",\"contentUrl\":\"https:\/\/www.sunstyle.com\/wp-content\/uploads\/2021\/10\/Sunstyle-logo.svg\",\"width\":\"1024\",\"height\":\"1024\",\"caption\":\"SunStyle\"},\"image\":{\"@id\":\"https:\/\/www.sunstyle.com\/#\/schema\/logo\/image\/\"}}]}<\/script>\n<!-- \/ Yoast SEO plugin. -->","yoast_head_json":{"title":"Impressum - SunStyle","description":"SunStyle-Solarziegel werden in der Schweiz unter Verwendung hochwertiger Materialien f\u00fcr Photovoltaik-D\u00e4cher hergestellt.","robots":{"index":"index","follow":"follow","max-snippet":"max-snippet:-1","max-image-preview":"max-image-preview:large","max-video-preview":"max-video-preview:-1"},"canonical":"https:\/\/www.sunstyle.com\/de\/impressum\/","og_locale":"de_DE","og_type":"article","og_title":"Impressum - SunStyle","og_description":"SunStyle-Solarziegel werden in der Schweiz unter Verwendung hochwertiger Materialien f\u00fcr Photovoltaik-D\u00e4cher hergestellt.","og_url":"https:\/\/www.sunstyle.com\/de\/impressum\/","og_site_name":"SunStyle","article_modified_time":"2024-03-11T20:48:52+00:00","twitter_card":"summary_large_image","twitter_misc":{"Gesch\u00e4tzte Lesezeit":"2\u00a0Minuten"},"schema":{"@context":"https:\/\/schema.org","@graph":[{"@type":"WebPage","@id":"https:\/\/www.sunstyle.com\/de\/impressum\/","url":"https:\/\/www.sunstyle.com\/de\/impressum\/","name":"Impressum - SunStyle","isPartOf":{"@id":"https:\/\/www.sunstyle.com\/#website"},"datePublished":"2021-09-23T15:12:56+00:00","dateModified":"2024-03-11T20:48:52+00:00","description":"SunStyle-Solarziegel werden in der Schweiz unter Verwendung hochwertiger Materialien f\u00fcr Photovoltaik-D\u00e4cher hergestellt.","breadcrumb":{"@id":"https:\/\/www.sunstyle.com\/de\/impressum\/#breadcrumb"},"inLanguage":"de","potentialAction":[{"@type":"ReadAction","target":["https:\/\/www.sunstyle.com\/de\/impressum\/"]}]},{"@type":"BreadcrumbList","@id":"https:\/\/www.sunstyle.com\/de\/impressum\/#breadcrumb","itemListElement":[{"@type":"ListItem","position":1,"name":"Home","item":"https:\/\/www.sunstyle.com\/de\/"},{"@type":"ListItem","position":2,"name":"Impressum"}]},{"@type":"WebSite","@id":"https:\/\/www.sunstyle.com\/#website","url":"https:\/\/www.sunstyle.com\/","name":"SunStyle","description":"","publisher":{"@id":"https:\/\/www.sunstyle.com\/#organization"},"potentialAction":[{"@type":"SearchAction","target":{"@type":"EntryPoint","urlTemplate":"https:\/\/www.sunstyle.com\/?s={search_term_string}"},"query-input":{"@type":"PropertyValueSpecification","valueRequired":true,"valueName":"search_term_string"}}],"inLanguage":"de"},{"@type":"Organization","@id":"https:\/\/www.sunstyle.com\/#organization","name":"SunStyle","url":"https:\/\/www.sunstyle.com\/","logo":{"@type":"ImageObject","inLanguage":"de","@id":"https:\/\/www.sunstyle.com\/#\/schema\/logo\/image\/","url":"https:\/\/www.sunstyle.com\/wp-content\/uploads\/2021\/10\/Sunstyle-logo.svg","contentUrl":"https:\/\/www.sunstyle.com\/wp-content\/uploads\/2021\/10\/Sunstyle-logo.svg","width":"1024","height":"1024","caption":"SunStyle"},"image":{"@id":"https:\/\/www.sunstyle.com\/#\/schema\/logo\/image\/"}}]}},"_links":{"self":[{"href":"https:\/\/www.sunstyle.com\/de\/wp-json\/wp\/v2\/pages\/839","targetHints":{"allow":["GET"]}}],"collection":[{"href":"https:\/\/www.sunstyle.com\/de\/wp-json\/wp\/v2\/pages"}],"about":[{"href":"https:\/\/www.sunstyle.com\/de\/wp-json\/wp\/v2\/types\/page"}],"author":[{"embeddable":true,"href":"https:\/\/www.sunstyle.com\/de\/wp-json\/wp\/v2\/users\/1"}],"replies":[{"embeddable":true,"href":"https:\/\/www.sunstyle.com\/de\/wp-json\/wp\/v2\/comments?post=839"}],"version-history":[{"count":4,"href":"https:\/\/www.sunstyle.com\/de\/wp-json\/wp\/v2\/pages\/839\/revisions"}],"predecessor-version":[{"id":7970,"href":"https:\/\/www.sunstyle.com\/de\/wp-json\/wp\/v2\/pages\/839\/revisions\/7970"}],"wp:attachment":[{"href":"https:\/\/www.sunstyle.com\/de\/wp-json\/wp\/v2\/media?parent=839"}],"curies":[{"name":"wp","href":"https:\/\/api.w.org\/{rel}","templated":true}]}}