{"id":824,"date":"2021-09-23T12:07:50","date_gmt":"2021-09-23T10:07:50","guid":{"rendered":"https:\/\/www.sunstyle.com\/our-perspective\/"},"modified":"2024-06-27T20:52:58","modified_gmt":"2024-06-27T18:52:58","slug":"ausblick","status":"publish","type":"page","link":"https:\/\/www.sunstyle.com\/de\/ausblick\/","title":{"rendered":"Unsere Perspektive"},"content":{"rendered":"[vc_row type=&#8220;full_width_background&#8220; full_screen_row_position=&#8220;middle&#8220; column_margin=&#8220;default&#8220; column_direction=&#8220;default&#8220; column_direction_tablet=&#8220;default&#8220; column_direction_phone=&#8220;default&#8220; bg_color=&#8220;#000000&#8243; scene_position=&#8220;center&#8220; top_padding=&#8220;50&#8243; bottom_padding=&#8220;100&#8243; text_color=&#8220;custom&#8220; custom_text_color=&#8220;#ffd200&#8243; text_align=&#8220;left&#8220; row_border_radius=&#8220;none&#8220; row_border_radius_applies=&#8220;bg&#8220; overflow=&#8220;visible&#8220; id=&#8220;function&#8220; advanced_gradient_angle=&#8220;0&#8243; overlay_strength=&#8220;0.3&#8243; gradient_direction=&#8220;left_to_right&#8220; enable_shape_divider=&#8220;true&#8220; shape_divider_position=&#8220;bottom&#8220; shape_divider_height=&#8220;100&#8243; bg_image_animation=&#8220;none&#8220; shape_type=&#8220;tilt_alt&#8220; gradient_type=&#8220;default&#8220;][vc_column column_padding=&#8220;no-extra-padding&#8220; column_padding_tablet=&#8220;inherit&#8220; column_padding_phone=&#8220;inherit&#8220; column_padding_position=&#8220;all&#8220; column_element_direction_desktop=&#8220;default&#8220; column_element_spacing=&#8220;default&#8220; desktop_text_alignment=&#8220;default&#8220; tablet_text_alignment=&#8220;default&#8220; phone_text_alignment=&#8220;default&#8220; background_color_opacity=&#8220;1&#8243; background_hover_color_opacity=&#8220;1&#8243; column_backdrop_filter=&#8220;none&#8220; column_shadow=&#8220;none&#8220; column_border_radius=&#8220;none&#8220; column_link_target=&#8220;_self&#8220; column_position=&#8220;default&#8220; gradient_direction=&#8220;left_to_right&#8220; overlay_strength=&#8220;0.3&#8243; width=&#8220;1\/1&#8243; tablet_width_inherit=&#8220;default&#8220; animation_type=&#8220;default&#8220; bg_image_animation=&#8220;none&#8220; border_type=&#8220;simple&#8220; column_border_width=&#8220;none&#8220; column_border_style=&#8220;solid&#8220;][vc_column_text]\n<h1><span style=\"color: #ffd200;\">Unser Einblick in die Solarlandschaft<\/span><\/h1>\n[\/vc_column_text][vc_column_text]\n<p style=\"text-align: justify;\">Sind Sie an Solard\u00e4cher, BIPV und die Zukunft der Solarenergie interessiert? Entdecken Sie unsere Anischt auf Nachrichten aus der Solarbranche, Solartechnologie, Solarvorschriften und politische Informationen sowie Tipps, wie Sie Ihren eigenen \u00f6kologischen Fussabdruck verringern k\u00f6nnen.<\/p>\n[\/vc_column_text][\/vc_column][\/vc_row][vc_row type=&#8220;in_container&#8220; full_screen_row_position=&#8220;middle&#8220; column_margin=&#8220;default&#8220; column_direction=&#8220;default&#8220; column_direction_tablet=&#8220;default&#8220; column_direction_phone=&#8220;default&#8220; scene_position=&#8220;center&#8220; top_padding=&#8220;50&#8243; constrain_group_1=&#8220;yes&#8220; bottom_padding=&#8220;50&#8243; text_color=&#8220;dark&#8220; text_align=&#8220;left&#8220; row_border_radius=&#8220;none&#8220; row_border_radius_applies=&#8220;bg&#8220; overflow=&#8220;visible&#8220; overlay_strength=&#8220;0.3&#8243; gradient_direction=&#8220;left_to_right&#8220; shape_divider_position=&#8220;bottom&#8220; bg_image_animation=&#8220;none&#8220; shape_type=&#8220;&#8220;][vc_column column_padding=&#8220;no-extra-padding&#8220; column_padding_tablet=&#8220;inherit&#8220; column_padding_phone=&#8220;inherit&#8220; column_padding_position=&#8220;all&#8220; column_element_direction_desktop=&#8220;default&#8220; column_element_spacing=&#8220;default&#8220; desktop_text_alignment=&#8220;default&#8220; tablet_text_alignment=&#8220;default&#8220; phone_text_alignment=&#8220;default&#8220; background_color_opacity=&#8220;1&#8243; background_hover_color_opacity=&#8220;1&#8243; column_backdrop_filter=&#8220;none&#8220; column_shadow=&#8220;none&#8220; column_border_radius=&#8220;none&#8220; column_link_target=&#8220;_self&#8220; column_position=&#8220;default&#8220; gradient_direction=&#8220;left_to_right&#8220; overlay_strength=&#8220;0.3&#8243; width=&#8220;1\/1&#8243; tablet_width_inherit=&#8220;default&#8220; animation_type=&#8220;default&#8220; bg_image_animation=&#8220;none&#8220; border_type=&#8220;simple&#8220; column_border_width=&#8220;none&#8220; column_border_style=&#8220;solid&#8220;][nectar_post_grid post_type=&#8220;custom&#8220; cpt_name=&#8220;sun_perspectives&#8220; order=&#8220;DESC&#8220; orderby=&#8220;date&#8220; pagination=&#8220;none&#8220; flickity_controls=&#8220;default&#8220; flickity_overflow=&#8220;hidden&#8220; flickity_wrap_around=&#8220;wrap&#8220; columns=&#8220;3&#8243; columns_tablet=&#8220;default&#8220; columns_phone=&#8220;default&#8220; desktop_small_cols_flickity=&#8220;default&#8220; tablet_cols_flickity=&#8220;default&#8220; phone_cols_flickity=&#8220;default&#8220; grid_item_spacing=&#8220;15px&#8220; grid_item_height=&#8220;30vh&#8220; enable_sortable=&#8220;yes&#8220; cpt_all_filter=&#8220;yes&#8220; sortable_alignment=&#8220;right&#8220; sortable_color=&#8220;accent-color&#8220; 3_col_masonry_layout=&#8220;default&#8220; image_size=&#8220;large&#8220; image_loading=&#8220;default&#8220; animation=&#8220;none&#8220; animation_stagger=&#8220;90&#8243; animation_easing=&#8220;default&#8220; heading_tag=&#8220;h2&#8243; additional_meta_size=&#8220;default&#8220; grid_style=&#8220;content_under_image&#8220; content_under_image_text_align=&#8220;left&#8220; text_color=&#8220;dark&#8220; hover_effect=&#8220;none&#8220; border_radius=&#8220;none&#8220; custom_query_tax=&#8220;201, 207, 205&#8243;][\/vc_column][\/vc_row]\n","protected":false},"excerpt":{"rendered":"<p>[vc_row type=&#8220;full_width_background&#8220; full_screen_row_position=&#8220;middle&#8220; column_margin=&#8220;default&#8220; column_direction=&#8220;default&#8220; column_direction_tablet=&#8220;default&#8220; column_direction_phone=&#8220;default&#8220; bg_color=&#8220;#000000&#8243; scene_position=&#8220;center&#8220; top_padding=&#8220;50&#8243; bottom_padding=&#8220;100&#8243; text_color=&#8220;custom&#8220; custom_text_color=&#8220;#ffd200&#8243; text_align=&#8220;left&#8220; row_border_radius=&#8220;none&#8220; row_border_radius_applies=&#8220;bg&#8220; overflow=&#8220;visible&#8220; id=&#8220;function&#8220; advanced_gradient_angle=&#8220;0&#8243; overlay_strength=&#8220;0.3&#8243; gradient_direction=&#8220;left_to_right&#8220; enable_shape_divider=&#8220;true&#8220; shape_divider_position=&#8220;bottom&#8220; shape_divider_height=&#8220;100&#8243; bg_image_animation=&#8220;none&#8220; shape_type=&#8220;tilt_alt&#8220; gradient_type=&#8220;default&#8220;][vc_column column_padding=&#8220;no-extra-padding&#8220; column_padding_tablet=&#8220;inherit&#8220; column_padding_phone=&#8220;inherit&#8220;&#8230;<\/p>\n","protected":false},"author":1,"featured_media":0,"parent":0,"menu_order":60,"comment_status":"closed","ping_status":"closed","template":"","meta":{"content-type":"","inline_featured_image":false,"footnotes":""},"class_list":["post-824","page","type-page","status-publish"],"yoast_head":"<!-- This site is optimized with the Yoast SEO plugin v26.1.1 - https:\/\/yoast.com\/wordpress\/plugins\/seo\/ -->\n<title>Ein Ausblick in die Zukunft des Solardachs | SunStyle<\/title>\n<meta name=\"description\" content=\"Entdecken Sie unsere Perspektive zu Solarziegel, Solard\u00e4chern, Photovoltaik-Anlagen, BIPV, Energievorschriften und M\u00f6glichkeiten f\u00fcr mehr Nachhaltigkeit.\" \/>\n<meta name=\"robots\" content=\"index, follow, max-snippet:-1, max-image-preview:large, max-video-preview:-1\" \/>\n<link rel=\"canonical\" href=\"https:\/\/www.sunstyle.com\/de\/ausblick\/\" \/>\n<meta property=\"og:locale\" content=\"de_DE\" \/>\n<meta property=\"og:type\" content=\"article\" \/>\n<meta property=\"og:title\" content=\"Ein Ausblick in die Zukunft des Solardachs | SunStyle\" \/>\n<meta property=\"og:description\" content=\"Entdecken Sie unsere Perspektive zu Solarziegel, Solard\u00e4chern, Photovoltaik-Anlagen, BIPV, Energievorschriften und M\u00f6glichkeiten f\u00fcr mehr Nachhaltigkeit.\" \/>\n<meta property=\"og:url\" content=\"https:\/\/www.sunstyle.com\/de\/ausblick\/\" \/>\n<meta property=\"og:site_name\" content=\"SunStyle\" \/>\n<meta property=\"article:modified_time\" content=\"2024-06-27T18:52:58+00:00\" \/>\n<meta name=\"twitter:card\" content=\"summary_large_image\" \/>\n<meta name=\"twitter:label1\" content=\"Gesch\u00e4tzte Lesezeit\" \/>\n\t<meta name=\"twitter:data1\" content=\"1\u00a0Minute\" \/>\n<script type=\"application\/ld+json\" class=\"yoast-schema-graph\">{\"@context\":\"https:\/\/schema.org\",\"@graph\":[{\"@type\":\"WebPage\",\"@id\":\"https:\/\/www.sunstyle.com\/de\/ausblick\/\",\"url\":\"https:\/\/www.sunstyle.com\/de\/ausblick\/\",\"name\":\"Ein Ausblick in die Zukunft des Solardachs | SunStyle\",\"isPartOf\":{\"@id\":\"https:\/\/www.sunstyle.com\/#website\"},\"datePublished\":\"2021-09-23T10:07:50+00:00\",\"dateModified\":\"2024-06-27T18:52:58+00:00\",\"description\":\"Entdecken Sie unsere Perspektive zu Solarziegel, Solard\u00e4chern, Photovoltaik-Anlagen, BIPV, Energievorschriften und M\u00f6glichkeiten f\u00fcr mehr Nachhaltigkeit.\",\"breadcrumb\":{\"@id\":\"https:\/\/www.sunstyle.com\/de\/ausblick\/#breadcrumb\"},\"inLanguage\":\"de\",\"potentialAction\":[{\"@type\":\"ReadAction\",\"target\":[\"https:\/\/www.sunstyle.com\/de\/ausblick\/\"]}]},{\"@type\":\"BreadcrumbList\",\"@id\":\"https:\/\/www.sunstyle.com\/de\/ausblick\/#breadcrumb\",\"itemListElement\":[{\"@type\":\"ListItem\",\"position\":1,\"name\":\"Home\",\"item\":\"https:\/\/www.sunstyle.com\/de\/\"},{\"@type\":\"ListItem\",\"position\":2,\"name\":\"Unsere Perspektive\"}]},{\"@type\":\"WebSite\",\"@id\":\"https:\/\/www.sunstyle.com\/#website\",\"url\":\"https:\/\/www.sunstyle.com\/\",\"name\":\"SunStyle\",\"description\":\"\",\"publisher\":{\"@id\":\"https:\/\/www.sunstyle.com\/#organization\"},\"potentialAction\":[{\"@type\":\"SearchAction\",\"target\":{\"@type\":\"EntryPoint\",\"urlTemplate\":\"https:\/\/www.sunstyle.com\/?s={search_term_string}\"},\"query-input\":{\"@type\":\"PropertyValueSpecification\",\"valueRequired\":true,\"valueName\":\"search_term_string\"}}],\"inLanguage\":\"de\"},{\"@type\":\"Organization\",\"@id\":\"https:\/\/www.sunstyle.com\/#organization\",\"name\":\"SunStyle\",\"url\":\"https:\/\/www.sunstyle.com\/\",\"logo\":{\"@type\":\"ImageObject\",\"inLanguage\":\"de\",\"@id\":\"https:\/\/www.sunstyle.com\/#\/schema\/logo\/image\/\",\"url\":\"https:\/\/www.sunstyle.com\/wp-content\/uploads\/2021\/10\/Sunstyle-logo.svg\",\"contentUrl\":\"https:\/\/www.sunstyle.com\/wp-content\/uploads\/2021\/10\/Sunstyle-logo.svg\",\"width\":\"1024\",\"height\":\"1024\",\"caption\":\"SunStyle\"},\"image\":{\"@id\":\"https:\/\/www.sunstyle.com\/#\/schema\/logo\/image\/\"}}]}<\/script>\n<!-- \/ Yoast SEO plugin. -->","yoast_head_json":{"title":"Ein Ausblick in die Zukunft des Solardachs | SunStyle","description":"Entdecken Sie unsere Perspektive zu Solarziegel, Solard\u00e4chern, Photovoltaik-Anlagen, BIPV, Energievorschriften und M\u00f6glichkeiten f\u00fcr mehr Nachhaltigkeit.","robots":{"index":"index","follow":"follow","max-snippet":"max-snippet:-1","max-image-preview":"max-image-preview:large","max-video-preview":"max-video-preview:-1"},"canonical":"https:\/\/www.sunstyle.com\/de\/ausblick\/","og_locale":"de_DE","og_type":"article","og_title":"Ein Ausblick in die Zukunft des Solardachs | SunStyle","og_description":"Entdecken Sie unsere Perspektive zu Solarziegel, Solard\u00e4chern, Photovoltaik-Anlagen, BIPV, Energievorschriften und M\u00f6glichkeiten f\u00fcr mehr Nachhaltigkeit.","og_url":"https:\/\/www.sunstyle.com\/de\/ausblick\/","og_site_name":"SunStyle","article_modified_time":"2024-06-27T18:52:58+00:00","twitter_card":"summary_large_image","twitter_misc":{"Gesch\u00e4tzte Lesezeit":"1\u00a0Minute"},"schema":{"@context":"https:\/\/schema.org","@graph":[{"@type":"WebPage","@id":"https:\/\/www.sunstyle.com\/de\/ausblick\/","url":"https:\/\/www.sunstyle.com\/de\/ausblick\/","name":"Ein Ausblick in die Zukunft des Solardachs | SunStyle","isPartOf":{"@id":"https:\/\/www.sunstyle.com\/#website"},"datePublished":"2021-09-23T10:07:50+00:00","dateModified":"2024-06-27T18:52:58+00:00","description":"Entdecken Sie unsere Perspektive zu Solarziegel, Solard\u00e4chern, Photovoltaik-Anlagen, BIPV, Energievorschriften und M\u00f6glichkeiten f\u00fcr mehr Nachhaltigkeit.","breadcrumb":{"@id":"https:\/\/www.sunstyle.com\/de\/ausblick\/#breadcrumb"},"inLanguage":"de","potentialAction":[{"@type":"ReadAction","target":["https:\/\/www.sunstyle.com\/de\/ausblick\/"]}]},{"@type":"BreadcrumbList","@id":"https:\/\/www.sunstyle.com\/de\/ausblick\/#breadcrumb","itemListElement":[{"@type":"ListItem","position":1,"name":"Home","item":"https:\/\/www.sunstyle.com\/de\/"},{"@type":"ListItem","position":2,"name":"Unsere Perspektive"}]},{"@type":"WebSite","@id":"https:\/\/www.sunstyle.com\/#website","url":"https:\/\/www.sunstyle.com\/","name":"SunStyle","description":"","publisher":{"@id":"https:\/\/www.sunstyle.com\/#organization"},"potentialAction":[{"@type":"SearchAction","target":{"@type":"EntryPoint","urlTemplate":"https:\/\/www.sunstyle.com\/?s={search_term_string}"},"query-input":{"@type":"PropertyValueSpecification","valueRequired":true,"valueName":"search_term_string"}}],"inLanguage":"de"},{"@type":"Organization","@id":"https:\/\/www.sunstyle.com\/#organization","name":"SunStyle","url":"https:\/\/www.sunstyle.com\/","logo":{"@type":"ImageObject","inLanguage":"de","@id":"https:\/\/www.sunstyle.com\/#\/schema\/logo\/image\/","url":"https:\/\/www.sunstyle.com\/wp-content\/uploads\/2021\/10\/Sunstyle-logo.svg","contentUrl":"https:\/\/www.sunstyle.com\/wp-content\/uploads\/2021\/10\/Sunstyle-logo.svg","width":"1024","height":"1024","caption":"SunStyle"},"image":{"@id":"https:\/\/www.sunstyle.com\/#\/schema\/logo\/image\/"}}]}},"_links":{"self":[{"href":"https:\/\/www.sunstyle.com\/de\/wp-json\/wp\/v2\/pages\/824","targetHints":{"allow":["GET"]}}],"collection":[{"href":"https:\/\/www.sunstyle.com\/de\/wp-json\/wp\/v2\/pages"}],"about":[{"href":"https:\/\/www.sunstyle.com\/de\/wp-json\/wp\/v2\/types\/page"}],"author":[{"embeddable":true,"href":"https:\/\/www.sunstyle.com\/de\/wp-json\/wp\/v2\/users\/1"}],"replies":[{"embeddable":true,"href":"https:\/\/www.sunstyle.com\/de\/wp-json\/wp\/v2\/comments?post=824"}],"version-history":[{"count":4,"href":"https:\/\/www.sunstyle.com\/de\/wp-json\/wp\/v2\/pages\/824\/revisions"}],"predecessor-version":[{"id":9599,"href":"https:\/\/www.sunstyle.com\/de\/wp-json\/wp\/v2\/pages\/824\/revisions\/9599"}],"wp:attachment":[{"href":"https:\/\/www.sunstyle.com\/de\/wp-json\/wp\/v2\/media?parent=824"}],"curies":[{"name":"wp","href":"https:\/\/api.w.org\/{rel}","templated":true}]}}